{"id":3483,"date":"2025-12-28T01:32:22","date_gmt":"2025-12-28T00:32:22","guid":{"rendered":"https:\/\/www.cdsa-aisne.fr\/?page_id=3483"},"modified":"2025-12-28T01:32:22","modified_gmt":"2025-12-28T00:32:22","slug":"actualites-presses","status":"publish","type":"page","link":"https:\/\/www.cdsa-aisne.fr\/index.php\/actualites-presses\/","title":{"rendered":"Actualit\u00e9s \/ Presses"},"content":{"rendered":"\n<div class=\"cdsa-pa cdsa-pa-layout-cards\"><article class=\"cdsa-pa-item\"><div class=\"cdsa-pa-body\"><div class=\"cdsa-pa-meta\"><span class=\"cdsa-pa-date\">09\/03\/2026<\/span><\/div><h3 class=\"cdsa-pa-title\"><a href=\"https:\/\/www.cdsa-aisne.fr\/index.php\/presse\/recherche-benevole-championnat-federal-para-judo-adapte-2026\/\">Recherche B\u00e9n\u00e9vole Championnat F\u00e9d\u00e9ral Para Judo Adapt\u00e9 2026<\/a><\/h3><\/div><\/article><\/div>\n","protected":false},"excerpt":{"rendered":"","protected":false},"author":1238,"featured_media":0,"parent":0,"menu_order":0,"comment_status":"closed","ping_status":"closed","template":"","meta":{"footnotes":""},"class_list":["post-3483","page","type-page","status-publish","hentry"],"_links":{"self":[{"href":"https:\/\/www.cdsa-aisne.fr\/index.php\/wp-json\/wp\/v2\/pages\/3483","targetHints":{"allow":["GET"]}}],"collection":[{"href":"https:\/\/www.cdsa-aisne.fr\/index.php\/wp-json\/wp\/v2\/pages"}],"about":[{"href":"https:\/\/www.cdsa-aisne.fr\/index.php\/wp-json\/wp\/v2\/types\/page"}],"author":[{"embeddable":true,"href":"https:\/\/www.cdsa-aisne.fr\/index.php\/wp-json\/wp\/v2\/users\/1238"}],"replies":[{"embeddable":true,"href":"https:\/\/www.cdsa-aisne.fr\/index.php\/wp-json\/wp\/v2\/comments?post=3483"}],"version-history":[{"count":1,"href":"https:\/\/www.cdsa-aisne.fr\/index.php\/wp-json\/wp\/v2\/pages\/3483\/revisions"}],"predecessor-version":[{"id":3484,"href":"https:\/\/www.cdsa-aisne.fr\/index.php\/wp-json\/wp\/v2\/pages\/3483\/revisions\/3484"}],"wp:attachment":[{"href":"https:\/\/www.cdsa-aisne.fr\/index.php\/wp-json\/wp\/v2\/media?parent=3483"}],"curies":[{"name":"wp","href":"https:\/\/api.w.org\/{rel}","templated":true}]}}